{"id":987,"date":"2026-02-22T09:17:35","date_gmt":"2026-02-22T09:17:35","guid":{"rendered":"https:\/\/haraldnieswandt.de\/?page_id=987"},"modified":"2026-02-22T09:30:34","modified_gmt":"2026-02-22T09:30:34","slug":"02-2-datenschutz","status":"publish","type":"page","link":"https:\/\/haraldnieswandt.de\/?page_id=987","title":{"rendered":"02-2 Datenschutzerkl\u00e4rung"},"content":{"rendered":"\n<div class=\"wp-block-columns is-layout-flex wp-container-core-columns-is-layout-cf05694f wp-block-columns-is-layout-flex\">\n<div class=\"wp-block-column is-layout-flow wp-block-column-is-layout-flow\" style=\"flex-basis:40%\">\n<h3 class=\"wp-block-heading\">Inhaltlich Verantwortlich<\/h3>\n\n\n\n<p style=\"line-height:2\"><strong>Dipl.-Ing. Harald H. Nieswandt<\/strong><br>Kammweg 9<br>01904 Weifa<\/p>\n\n\n\n<p><strong>Telefon<\/strong><br>+49 359 51 34 431<\/p>\n\n\n\n<p><strong>E-Mail<\/strong><br>Web@HaraldNieswandt.de<\/p>\n\n\n\n<p><strong>Internet<\/strong><br>www.HaraldNieswandt.de<\/p>\n\n\n\n<p><strong>Ust-IdNr. gem\u00e4\u00df \u00a7 27a UStG<\/strong><br>DE268941179<\/p>\n<\/div>\n\n\n\n<div class=\"wp-block-column is-layout-flow wp-block-column-is-layout-flow\" style=\"flex-basis:60%\">\n<h3 class=\"wp-block-heading\">1. Datenschutz auf einen Blick<\/h3>\n\n\n\n<h4 class=\"wp-block-heading\">1.1 Allgemeines<\/h4>\n\n\n\n<p>Die folgenden Hinweise geben einen einfachen \u00dcberblick dar\u00fcber, was mit Ihren personenbezogenen Daten passiert, wenn Sie diese Website besuchen. Personenbezogene Daten sind alle Daten, mit denen Sie pers\u00f6nlich identifiziert werden k\u00f6nnen. Ausf\u00fchrliche Informationen zum Thema Datenschutz entnehmen Sie unserer unter diesem Text aufgef\u00fchrten Datenschutzerkl\u00e4rung.<br><\/p>\n\n\n\n<h4 class=\"wp-block-heading\">1.2 Datenerfassung auf dieser Website<\/h4>\n\n\n\n<p>Auf dieser Website werden keine Daten erfasst, weder durch Formulare noch durch Analyse-Tools von Drittanbietern.<br><\/p>\n\n\n\n<h3 class=\"wp-block-heading\">2. Hosting<\/h3>\n\n\n\n<h4 class=\"wp-block-heading\">2.1 Externes Hosting<\/h4>\n\n\n\n<p>Diese Website wird extern gehostet. Die personenbezogenen Daten, die auf dieser Website erfasst werden, werden auf den Servern des Hosters \/ der Hoster gespeichert. Hierbei kann es sich v.a. um IP-Adressen, Kontaktanfragen, Meta- und Kommunikationsdaten, Vertragsdaten, Kontaktdaten, Namen, Websitezugriffe und sonstige Daten, die \u00fcber eine Website generiert werden, handeln.<\/p>\n\n\n\n<p>Unser(e) Hoster wird bzw. werden Ihre Daten nur insoweit verarbeiten, wie dies zur Erf\u00fcllung seiner Leistungspflichten erforderlich ist und unsere Weisungen in Bezug auf diese Daten befolgen.<\/p>\n\n\n\n<p>Wir setzen folgende(n) Hoster ein:<\/p>\n\n\n\n<p style=\"line-height:2\">STRATO GmbH<br>Otto-Ostrowski-Stra\u00dfe 7<br>10249 Berlin<br><\/p>\n\n\n\n<h4 class=\"wp-block-heading\">2.2 Auftragsverarbeitung<\/h4>\n\n\n\n<p>Wir haben einen Vertrag \u00fcber Auftragsverarbeitung (AVV) zur Nutzung des oben genannten Dienstes geschlossen. Hierbei handelt es sich um einen datenschutzrechtlich vorgeschriebenen Vertrag, der gew\u00e4hrleistet, dass dieser die personenbezogenen Daten unserer Websitebesucher nur nach unseren Weisungen und unter Einhaltung der DSGVO verarbeitet.<\/p>\n\n\n\n<h3 class=\"wp-block-heading\">3. Allgemeine Hinweise und Pflichtinformationen<\/h3>\n\n\n\n<h4 class=\"wp-block-heading\">3.1 Datenschutz<\/h4>\n\n\n\n<p>Die Betreibenden diese Website nehmen den Schutz Ihrer pers\u00f6nlichen Daten so ernst, dass von Seiten der Betreibenden keine Daten erfasst werden.<\/p>\n\n\n\n<p>Es steht Ihnen frei, jederzeit per E-Mail oder telefonisch Kontakt zu den Betreibenden aufzunehmen, wenn Sie dies w\u00fcnschen.<br><\/p>\n\n\n\n<h4 class=\"wp-block-heading\">3.2 Verantwortliche Stelle<\/h4>\n\n\n\n<p>Dipl.-Ing. Harald H. Nieswandt<br>Kammweg 9<br>01904 Weifa<br>Telefon: +49 359 51 34 431<br>E_Mail: Web@HaraldNieswandt.de<br><\/p>\n\n\n\n<h4 class=\"wp-block-heading\">3.3 Speicherdauer<\/h4>\n\n\n\n<p>Da keine Daten von den Betreibenden erhoben werden, k\u00f6nnen auch keine Daten gespeichert werden.<br><\/p>\n\n\n\n<h4 class=\"wp-block-heading\">3.4 Allgemeine Hinweise zu den Rechtsgrundlagen der Datenverarbeitung auf dieser Website<\/h4>\n\n\n\n<p>Auf dieser Website werden keine Daten durch die Betreibenden verarbeitet.<br><\/p>\n\n\n\n<h4 class=\"wp-block-heading\">3.5 Empfangende von personenbezogenen Daten<\/h4>\n\n\n\n<p>Es gibt keine Empfangenden von pers\u00f6nlichen Daten, da keine personenbezogenen Daten erhoben werden.<br><\/p>\n\n\n\n<h4 class=\"wp-block-heading\">3.6 Widerruf Ihrer Einwilligung zur Datenverarbeitung<\/h4>\n\n\n\n<p>Ein Widerruf ist nicht notwendig, da keine personenbezogenen Daten erfasst werden.<br><\/p>\n\n\n\n<h4 class=\"wp-block-heading\">3.7 Widerspruch gegen Werbe-E-Mails<\/h4>\n\n\n\n<p>Der Nutzung von im Rahmen der Impressumspflicht ver\u00f6ffentlichten Kontaktdaten zur \u00dcbersendung von nicht ausdr\u00fccklich angeforderter Werbung und Informationsmaterialien wird hiermit widersprochen. Die Betreibenden der Seiten behalten sich ausdr\u00fccklich rechtliche Schritte im Falle der unverlangten Zusendung von Werbeinformationen, etwa durch Spam-E-Mails, vor.<br><\/p>\n\n\n\n<h3 class=\"wp-block-heading\">4. Datenerfassung auf dieser Website<\/h3>\n\n\n\n<h4 class=\"wp-block-heading\">4.1 Cookies<\/h4>\n\n\n\n<p>Unsere Internetseiten verwenden sogenannte \u201eCookies\u201c. Cookies sind kleine Datenpakete und richten auf Ihrem Endger\u00e4t keinen Schaden an. Sie werden entweder vor\u00fcbergehend f\u00fcr die Dauer einer Sitzung (Session-Cookies) oder dauerhaft (permanente Cookies) auf Ihrem Endger\u00e4t gespeichert. Session-Cookies werden nach Ende Ihres Besuchs automatisch gel\u00f6scht. Permanente Cookies bleiben auf Ihrem Endger\u00e4t gespeichert, bis Sie diese selbst l\u00f6schen oder eine automatische L\u00f6schung durch Ihren Webbrowser erfolgt.<\/p>\n\n\n\n<p>Cookies k\u00f6nnen von uns (First-Party-Cookies) oder von Drittunternehmen stammen (sog. Third-Party-Cookies). Third-Party-Cookies erm\u00f6glichen die Einbindung bestimmter Dienstleistungen von Drittunternehmen innerhalb von Webseiten (z. B. Cookies zur Abwicklung von Zahlungsdienstleistungen).<\/p>\n\n\n\n<p>Cookies haben verschiedene Funktionen. Zahlreiche Cookies sind technisch notwendig, da bestimmte Webseitenfunktionen ohne diese nicht funktionieren w\u00fcrden (z. B. die Warenkorbfunktion oder die Anzeige von Videos). Andere Cookies k\u00f6nnen zur Auswertung des Nutzerverhaltens oder zu Werbezwecken verwendet werden.<\/p>\n\n\n\n<p>Cookies, die zur Durchf\u00fchrung des elektronischen Kommunikationsvorgangs, zur Bereitstellung bestimmter, von Ihnen erw\u00fcnschter Funktionen (z.B. f\u00fcr die Warenkorbfunktion) oder zur Optimierung der Website (z.B. Cookies zur Messung des Webpublikums) erforderlich sind (notwendige Cookies), werden auf Grundlage von Art. 6 Abs. 1 lit. f DSGVO gespeichert, sofern keine andere Rechtsgrundlage angegeben wird. Der Websitebetreiber hat ein berechtigtes Interesse an der Speicherung von notwendigen Cookies zur technisch fehlerfreien und optimierten Bereitstellung seiner Dienste. Sofern eine Einwilligung zur Speicherung von Cookies und vergleichbaren Wiedererkennungstechnologien abgefragt wurde, erfolgt die Verarbeitung ausschlie\u00dflich auf Grundlage dieser Einwilligung (Art. 6 Abs. 1 lit. a DSGVO und \u00a7 25 Abs. 1 TDDDG); die Einwilligung ist jederzeit widerrufbar.<\/p>\n\n\n\n<p>Sie k\u00f6nnen Ihren Browser so einstellen, dass Sie \u00fcber das Setzen von Cookies informiert werden und Cookies nur im Einzelfall erlauben, die Annahme von Cookies f\u00fcr bestimmte F\u00e4lle oder generell ausschlie\u00dfen sowie das automatische L\u00f6schen der Cookies beim Schlie\u00dfen des Browsers aktivieren. Bei der Deaktivierung von Cookies kann die Funktionalit\u00e4t dieser Website eingeschr\u00e4nkt sein.<\/p>\n\n\n\n<p>Welche Cookies und Dienste auf dieser Website eingesetzt werden, k\u00f6nnen Sie dieser Datenschutzerkl\u00e4rung entnehmen.<br><\/p>\n\n\n\n<h4 class=\"wp-block-heading\">4.2 Server-Log-Dateien<\/h4>\n\n\n\n<p>Diese Seite speichert keinerlei Nutzerdaten in Server-Log-Dateien.<br><\/p>\n\n\n\n<h4 class=\"wp-block-heading\">4.3 Anfrage per E-Mail oder Telefon<\/h4>\n\n\n\n<p>Wenn Sie uns per E-Mail, Telefon oder Telefax kontaktieren, wird Ihre Anfrage inklusive aller daraus hervorgehenden personenbezogenen Daten (Name, Anfrage) zum Zwecke der Bearbeitung Ihres Anliegens bei uns gespeichert und verarbeitet. Diese Daten geben wir nicht ohne Ihre Einwilligung weiter.<\/p>\n\n\n\n<p>Die Verarbeitung dieser Daten erfolgt auf Grundlage von Art. 6 Abs. 1 lit. b DSGVO, sofern Ihre Anfrage mit der Erf\u00fcllung eines Vertrags zusammenh\u00e4ngt oder zur Durchf\u00fchrung vorvertraglicher Ma\u00dfnahmen erforderlich ist. In allen \u00fcbrigen F\u00e4llen beruht die Verarbeitung auf unserem berechtigten Interesse an der effektiven Bearbeitung der an uns gerichteten Anfragen (Art. 6 Abs. 1 lit. f DSGVO) oder auf Ihrer Einwilligung (Art. 6 Abs. 1 lit. a DSGVO), sofern diese abgefragt wurde; die Einwilligung ist jederzeit widerrufbar.<\/p>\n\n\n\n<p>Die von Ihnen an uns per Kontaktanfragen \u00fcbersandten Daten verbleiben bei uns, bis Sie uns zur L\u00f6schung auffordern, Ihre Einwilligung zur Speicherung widerrufen oder der Zweck f\u00fcr die Datenspeicherung entf\u00e4llt (z.B. nach abgeschlossener Bearbeitung Ihres Anliegens). Zwingende gesetzliche Bestimmungen \u2013 insbesondere gesetzliche Aufbewahrungsfristen \u2013 bleiben unber\u00fchrt.<\/p>\n<\/div>\n<\/div>\n\n\n\n<p><\/p>\n\n\n\n<p><\/p>\n","protected":false},"excerpt":{"rendered":"<p>Inhaltlich Verantwortlich Dipl.-Ing. Harald H. NieswandtKammweg 901904 Weifa Telefon+49 359 51 34 431 E-MailWeb@HaraldNieswandt.de Internetwww.HaraldNieswandt.de [&hellip;]<\/p>\n","protected":false},"author":1,"featured_media":0,"parent":0,"menu_order":0,"comment_status":"closed","ping_status":"closed","template":"","meta":{"footnotes":""},"class_list":["post-987","page","type-page","status-publish","hentry"],"featured_image_src":null,"_links":{"self":[{"href":"https:\/\/haraldnieswandt.de\/index.php?rest_route=\/wp\/v2\/pages\/987","targetHints":{"allow":["GET"]}}],"collection":[{"href":"https:\/\/haraldnieswandt.de\/index.php?rest_route=\/wp\/v2\/pages"}],"about":[{"href":"https:\/\/haraldnieswandt.de\/index.php?rest_route=\/wp\/v2\/types\/page"}],"author":[{"embeddable":true,"href":"https:\/\/haraldnieswandt.de\/index.php?rest_route=\/wp\/v2\/users\/1"}],"replies":[{"embeddable":true,"href":"https:\/\/haraldnieswandt.de\/index.php?rest_route=%2Fwp%2Fv2%2Fcomments&post=987"}],"version-history":[{"count":4,"href":"https:\/\/haraldnieswandt.de\/index.php?rest_route=\/wp\/v2\/pages\/987\/revisions"}],"predecessor-version":[{"id":1000,"href":"https:\/\/haraldnieswandt.de\/index.php?rest_route=\/wp\/v2\/pages\/987\/revisions\/1000"}],"wp:attachment":[{"href":"https:\/\/haraldnieswandt.de\/index.php?rest_route=%2Fwp%2Fv2%2Fmedia&parent=987"}],"curies":[{"name":"wp","href":"https:\/\/api.w.org\/{rel}","templated":true}]}}