{"id":937,"date":"2025-08-09T08:54:56","date_gmt":"2025-08-09T08:54:56","guid":{"rendered":"https:\/\/haraldnieswandt.de\/?page_id=937"},"modified":"2026-02-22T09:22:17","modified_gmt":"2026-02-22T09:22:17","slug":"fb-01","status":"publish","type":"page","link":"https:\/\/haraldnieswandt.de\/?page_id=937","title":{"rendered":"FB-01"},"content":{"rendered":"\n<div class=\"wp-block-columns is-layout-flex wp-container-core-columns-is-layout-28f84493 wp-block-columns-is-layout-flex\">\n<div class=\"wp-block-column is-layout-flow wp-block-column-is-layout-flow\" style=\"flex-basis:12%\">\n<p class=\"has-text-align-left\"><a href=\"http:\/\/www.haraldnieswandt.de\" data-type=\"link\" data-id=\"www.haraldnieswandt.de\">home<\/a><\/p>\n<\/div>\n\n\n\n<div class=\"wp-block-column is-layout-flow wp-block-column-is-layout-flow\">\n<p class=\"has-text-align-center\"><a href=\"https:\/\/haraldnieswandt.de\/?page_id=364\">Beruflicher Werdegang<\/a><\/p>\n<\/div>\n\n\n\n<div class=\"wp-block-column is-layout-flow wp-block-column-is-layout-flow\">\n<p class=\"has-text-align-center\"><a href=\"https:\/\/haraldnieswandt.de\/?page_id=526\">Impressum<\/a><\/p>\n<\/div>\n\n\n\n<div class=\"wp-block-column is-layout-flow wp-block-column-is-layout-flow\">\n<p><a href=\"https:\/\/haraldnieswandt.de\/?page_id=987\" data-type=\"page\" data-id=\"987\">Datenschutz<\/a><\/p>\n<\/div>\n<\/div>\n\n\n\n<h2 class=\"wp-block-heading\">Harald H. Nieswandt<\/h2>\n\n\n\n<h3 class=\"wp-block-heading\">Zusammenarbeit<\/h3>\n\n\n\n<p style=\"line-height:1.8\"><br>Mit fast 50 Jahren Berufserfahrung im Maschinenbau habe ich sehr viel Erfahrung sammeln und mein Wissen immer weiter vertiefen k\u00f6nnen.<\/p>\n\n\n\n<p style=\"line-height:1.8\">Meinen Beruf \u00fcbe ich sehr gern und mit gro\u00dfer Leidenschaft aus, dies m\u00f6chte ich in den n\u00e4chsten Jahre unbedingt fortsetzen. Sehr gern w\u00fcrde ich mein Wissen und meine Erfahrung in Ihr Unternehmen einbringen und Ihr Team in der Entwicklung und Konstruktion unterst\u00fctzen. Ich bin daran interessiert, gemeinsam neue Ideen zu entwickeln und diese erfolgreich umzusetzen.<\/p>\n\n\n\n<p style=\"line-height:1.8\">Eine Zusammenarbeit ist sehr gut in Form einer freiberuflichen Mitarbeit m\u00f6glich, bei der Sie mich nach Bedarf beauftragen k\u00f6nnen. So m\u00f6chte ich Ihnen als zuverl\u00e4ssiger Entwicklungspartner zur Seite stehen, insbesondere bei Auftragsspitzen, Personalengp\u00e4ssen oder Sonderprojekten.<\/p>\n\n\n\n<p style=\"line-height:2.4\">Hier einige Stichpunkte zu meinem beruflichen Werdegang:<\/p>\n\n\n\n<ul class=\"wp-block-list\">\n<li style=\"line-height:2.4\"><strong>Berufsausbildung:<\/strong> Lehre als Dreher;<\/li>\n\n\n\n<li style=\"line-height:2.4\"><strong>Facharbeiter:<\/strong> viereinhalb Jahre als Dreher;<\/li>\n\n\n\n<li style=\"line-height:2.4\"><strong>Weiterbildung:<\/strong> Staatlich gepr\u00fcfter Techniker, Technikerschule der Stadt Braunschweig, Fachrichtung Maschinentechnik mit dem Schwerpunkt Konstruktion;<\/li>\n\n\n\n<li style=\"line-height:2.4\"><strong>Abendstudium:<\/strong> Dipl.-Ing. Maschinenbau an der HAW Hamburg, <br>Diplomarbeit: &#8222;Untersuchungen und L\u00f6sungsvorschl\u00e4ge zum systematischen Konstruieren in der Getriebeauslegung und Getriebekonstruktion&#8220;;<\/li>\n\n\n\n<li style=\"line-height:2.4\"><strong>Berufliche Laufbahn:<\/strong> Von 1986 bis 2010 in verschiedene Positionen in der Entwicklung und Konstruktion, Fertigung sowie dem Projektmanagement;<\/li>\n\n\n\n<li style=\"line-height:2.4\"><strong>Freiberufliche T\u00e4tigkeit:<\/strong> Von 2010 als Freiberufler zahlreiche Projekte in Entwicklung und Konstruktion, Softwareentwicklung sowie im Projektmanagement;<\/li>\n\n\n\n<li style=\"line-height:2.4\"><strong>Internationale Erfahrung:<\/strong> Von 2019 bis 2023 in China als leitender Entwicklungsingenieur f\u00fcr Fahrzeuggetriebe bei der Hycet TransmissionTechnology Hebei Co., Ltd, China, einem Unternehmen der Great Wall Motor Gruppe.<\/li>\n<\/ul>\n\n\n\n<p><br>In neue Fachgebiete konnte ich mich immer sehr schnell einarbeiten. F\u00fcr die unterschiedlichen Aufgaben habe ich viele unterschiedliche Softwareanwendungen, CAD- und Simulationstools genutzt oder auch selbst programmiert.<\/p>\n\n\n\n<p style=\"line-height:2.4\">Zu meinen besonderen St\u00e4rken z\u00e4hlen:<\/p>\n\n\n\n<ul class=\"wp-block-list\">\n<li style=\"line-height:2.4\"><strong>Verzahnungsauslegung und -berechnung: <\/strong>Schnecken-, Kegel-, Stirnrad- und Planetenrads\u00e4tzen inkl. Stufenplanetenrads\u00e4tzen;<\/li>\n\n\n\n<li style=\"line-height:2.4\"><strong>Entwicklung von Umlaufgetrieben:<\/strong> drehzahlvariabel, lastoptimiert, mit extremen \u00dcbersetzungen;<\/li>\n\n\n\n<li style=\"line-height:2.4\"><strong>Konstruktion und Gestaltung:<\/strong> optimale und funktionsgerechte Bauteile, Ger\u00e4te und Maschinen;<\/li>\n\n\n\n<li style=\"line-height:2.4\"><strong>Produktoptimierung:<\/strong> Standardisierung von Baureihen, Wertanalysen zur Technik- und Kostenoptimierung;<\/li>\n\n\n\n<li style=\"line-height:2.4\"><strong>T<\/strong><strong>echnische Software:<\/strong> Tools f\u00fcr die einfachere und schnellere Berechnung;<\/li>\n\n\n\n<li style=\"line-height:2.4\"><strong>Entwicklung von Konstruktionskatalogen:<\/strong> Systematisierung des Konstruktionsablaufs;<\/li>\n\n\n\n<li style=\"line-height:2.4\"><strong>Erstellung von Produktkatalogen und technischen Anleitungen;<\/strong><\/li>\n\n\n\n<li style=\"line-height:2.4\"><strong>Lieferantenauswahl und -betreuung.<\/strong><\/li>\n<\/ul>\n\n\n\n<p><\/p>\n","protected":false},"excerpt":{"rendered":"<p>home Beruflicher Werdegang Impressum Datenschutz Harald H. Nieswandt Zusammenarbeit Mit fast 50 Jahren Berufserfahrung im [&hellip;]<\/p>\n","protected":false},"author":1,"featured_media":0,"parent":0,"menu_order":0,"comment_status":"closed","ping_status":"closed","template":"","meta":{"_lmt_disableupdate":"","_lmt_disable":"","footnotes":""},"class_list":["post-937","page","type-page","status-publish","hentry"],"featured_image_src":null,"_links":{"self":[{"href":"https:\/\/haraldnieswandt.de\/index.php?rest_route=\/wp\/v2\/pages\/937","targetHints":{"allow":["GET"]}}],"collection":[{"href":"https:\/\/haraldnieswandt.de\/index.php?rest_route=\/wp\/v2\/pages"}],"about":[{"href":"https:\/\/haraldnieswandt.de\/index.php?rest_route=\/wp\/v2\/types\/page"}],"author":[{"embeddable":true,"href":"https:\/\/haraldnieswandt.de\/index.php?rest_route=\/wp\/v2\/users\/1"}],"replies":[{"embeddable":true,"href":"https:\/\/haraldnieswandt.de\/index.php?rest_route=%2Fwp%2Fv2%2Fcomments&post=937"}],"version-history":[{"count":6,"href":"https:\/\/haraldnieswandt.de\/index.php?rest_route=\/wp\/v2\/pages\/937\/revisions"}],"predecessor-version":[{"id":994,"href":"https:\/\/haraldnieswandt.de\/index.php?rest_route=\/wp\/v2\/pages\/937\/revisions\/994"}],"wp:attachment":[{"href":"https:\/\/haraldnieswandt.de\/index.php?rest_route=%2Fwp%2Fv2%2Fmedia&parent=937"}],"curies":[{"name":"wp","href":"https:\/\/api.w.org\/{rel}","templated":true}]}}