{"id":839,"date":"2025-02-14T13:02:49","date_gmt":"2025-02-14T13:02:49","guid":{"rendered":"https:\/\/haraldnieswandt.de\/?page_id=839"},"modified":"2026-04-07T17:21:35","modified_gmt":"2026-04-07T17:21:35","slug":"03-ngscylgear","status":"publish","type":"page","link":"https:\/\/haraldnieswandt.de\/?page_id=839","title":{"rendered":"03 &#8211; NgsCylGear"},"content":{"rendered":"\n<div class=\"wp-block-columns is-layout-flex wp-container-core-columns-is-layout-28f84493 wp-block-columns-is-layout-flex\">\n<div class=\"wp-block-column is-layout-flow wp-block-column-is-layout-flow\">\n<p class=\"has-text-align-left\"><a href=\"http:\/\/www.haraldnieswandt.de\">home<\/a><\/p>\n<\/div>\n\n\n\n<div class=\"wp-block-column is-layout-flow wp-block-column-is-layout-flow\">\n<p><\/p>\n<\/div>\n\n\n\n<div class=\"wp-block-column is-layout-flow wp-block-column-is-layout-flow\">\n<p class=\"has-text-align-right\"><a href=\"https:\/\/haraldnieswandt.de\/?page_id=526\">Impressum<\/a><\/p>\n<\/div>\n<\/div>\n\n\n<div class=\"wp-block-ub-divider ub_divider ub-divider-orientation-horizontal\" id=\"ub_divider_e28435b0-613d-466c-8501-3a09d7eaf7c3\"><div class=\"ub_divider_wrapper\" style=\"position: relative; margin-bottom: 2px; width: 80%; height: 2px; \" data-divider-alignment=\"center\"><div class=\"ub_divider_line\" style=\"border-top: 2px solid #ccc; margin-top: 2px; \"><\/div><\/div><\/div>\n\n\n<h2 class=\"wp-block-heading\" id=\"03-Inhalt\">Inhalt<\/h2>\n\n\n\n<p><a href=\"#03-Einleitung\">Einleitung<\/a><\/p>\n\n\n\n<p><a href=\"https:\/\/github.com\/harald-deran\/NgsCylGearset\/tree\/master\">Projektdateien auf GitHub<\/a><\/p>\n\n\n\n<p><a href=\"#03-Programmbeschreibung\">Programmbeschreibung<\/a><\/p>\n\n\n\n<p><\/p>\n\n\n<div class=\"wp-block-ub-divider ub_divider ub-divider-orientation-horizontal\" id=\"ub_divider_f7fb66f6-b813-4cbb-ac94-4f77d5a01d7c\"><div class=\"ub_divider_wrapper\" style=\"position: relative; margin-bottom: 2px; width: 80%; height: 2px; \" data-divider-alignment=\"center\"><div class=\"ub_divider_line\" style=\"border-top: 2px solid #ccc; margin-top: 2px; \"><\/div><\/div><\/div>\n\n\n<h3 class=\"wp-block-heading\" id=\"03-Einleitung\">Einleitung<\/h3>\n\n\n\n<p>STplus ist ein &#8222;Rechenkern&#8220;, um Stirnr\u00e4der, Strinrads\u00e4tze und Planetenrads\u00e4tze zu berechnen. Jedes Unternehmen, welches Mitglied in der Forschungsvereinigung Antriebstechnik (FVA) ist, hat Zugriff auf diesen und weitere Programme, welche hier als Rechenkerne bezeichnet werden.<\/p>\n\n\n\n<p>Diese Rechenkerne wurden in jahrzehntelanger Entwicklungsarbeit entwickelt, verbessert und immer wieder angepasst. Au\u00dferdem sind sie von Zertifizierungsstellen wie T\u00dcV, Germanischer Lloyd und \u00e4hnlichen zertifiziert. Berechnungen damit werden also in der Regel anerkannt, sie sind leicht pr\u00fcfbar.<\/p>\n\n\n\n<p>Kurzum: Diese Rechenkerne sind recht wertvoll.<\/p>\n\n\n\n<p>Rechenkerne deshalb, weil diese Programme nicht mit einer GUI (Graphic User Interface) daherkommen. Zur Benutzung dieser Software wird eine Eingabedatei erstellt und der Rechenkern gestartet. In einer cfg-Datei (Configuration-Datei) wird dem Rechenkern &#8222;mitgeteilt&#8220;, was zu tun ist.<\/p>\n\n\n\n<p>Der Rechenkern erledigt die Berechnung und gibt \u00fcber eine Ausgabedatei die Ergebnisse zur\u00fcck.<\/p>\n\n\n\n<p>Als Beispiel soll hier der Ablauf mit STplus erl\u00e4utert werden, welches bereits auf dem Rechner installiert wurde:<br><\/p>\n\n\n\n<ul class=\"wp-block-list\">\n<li><strong>Radsatzdaten berechnen<\/strong>: Zum Beispiel mit einer Tabellenkalkulation<\/li>\n\n\n\n<li><strong>stplus.cfg bearbeiten: <\/strong>Name und Verzeichnis von Ein- und Ausgabedatei<\/li>\n\n\n\n<li><strong>Eingabedatei erstellen<\/strong>: Radsatzdaten in Textform eingeben<\/li>\n\n\n\n<li><strong>STplus starten: <\/strong>Berechnung wird durchgef\u00fchrt<\/li>\n\n\n\n<li><strong>Ausgabedatei \u00f6ffnen: <\/strong>Pr\u00fcfen, ob der Radsatz die Anforderungen erf\u00fcllt<\/li>\n<\/ul>\n\n\n\n<p>Das ist nicht beonders komfortabel &#8211; es gibt deshalb auch Softwarel\u00f6sungen, welche die Rechenkerne der FVA nutzt und dabei wesentlich besser zu bedienen ist. Leider sind diese L\u00f6sungen nicht besonders preiswert.<\/p>\n\n\n\n<p>Hier wird ein Beispiel vorgestellt, wie die Nutzung der von STplus auf recht einfachem Wege komfortabel gestaltet werden kann. Diese Beispiel startet mit einer recht einfachen Version und ist Opensource mit einer <a href=\"https:\/\/haraldnieswandt.de\/?page_id=864\">Lizensierung nach MIT <\/a>&#8211; das bedeutet, die Quelltexte k\u00f6nnen ohne Einschr\u00e4nkungen benutzt, ver\u00e4ndert und weiter entwickelt werden.<\/p>\n\n\n\n<p>Das Beispiel l\u00e4sst die einfache Eingabe der Daten zu einem Stirnradsatz zu, ohne jede Kontrolle, ob die Daten &#8222;stimmig&#8220; sind. Dadurch wird die Komplexit\u00e4t des Programms verringert, eine Einarbeitung ist leichter. Erweiterungen werden folgen.<\/p>\n\n\n<div class=\"wp-block-ub-divider ub_divider ub-divider-orientation-horizontal\" id=\"ub_divider_dcd41d06-23b8-484e-9f11-5671833afbc2\"><div class=\"ub_divider_wrapper\" style=\"position: relative; margin-bottom: 2px; width: 80%; height: 2px; \" data-divider-alignment=\"center\"><div class=\"ub_divider_line\" style=\"border-top: 2px solid #ccc; margin-top: 2px; \"><\/div><\/div><\/div>\n\n\n<div class=\"wp-block-columns is-layout-flex wp-container-core-columns-is-layout-28f84493 wp-block-columns-is-layout-flex\">\n<div class=\"wp-block-column is-layout-flow wp-block-column-is-layout-flow\">\n<p>I<a href=\"#03-Inhalt\">nhaltsverzeichnis<\/a><\/p>\n<\/div>\n\n\n\n<div class=\"wp-block-column is-layout-flow wp-block-column-is-layout-flow\"><\/div>\n\n\n\n<div class=\"wp-block-column is-layout-flow wp-block-column-is-layout-flow\"><\/div>\n<\/div>\n\n\n<div class=\"wp-block-ub-divider ub_divider ub-divider-orientation-horizontal\" id=\"ub_divider_94bcce4d-45e5-4ad9-8258-d5694ebbc779\"><div class=\"ub_divider_wrapper\" style=\"position: relative; margin-bottom: 2px; width: 80%; height: 2px; \" data-divider-alignment=\"center\"><div class=\"ub_divider_line\" style=\"border-top: 2px solid #ccc; margin-top: 2px; \"><\/div><\/div><\/div>\n\n\n<h3 class=\"wp-block-heading\" id=\"03-Programmbeschreibung\">Programmbeschreibung<\/h3>\n\n\n\n<p>Dieses erste Beispiel ist ein Demonstartor daf\u00fcr, wie eine STplus-Eingabedatei eingelesen, STplusaus dem Programm heraus gestartet und die STplus-Ausgabedatei angezeigt werden kann.<\/p>\n\n\n\n<p>M\u00f6glicht ist auch die Eingabe von Daten f\u00fcr einen Stirnradsatz. Dabei wurde versucht, so wenig Daten wie m\u00f6glich eingeben zu m\u00fcssen. Und es liegt in der Verantwortung der User, dass die Radsatzdaten einen berechenbaren Stirnradsatz darstellen. Die Berechnung von Radsatzdaten soll sp\u00e4ter behandelt werden.<\/p>\n\n\n\n<p>Zuerst muss nat\u00fcrlich ein STplus samt den dazugeh\u00f6rigen Dateien vorhanden sein. Die Verzeichnisse m\u00fcssen erreichbar sein. Dann kann die Einrichtung beginnen.<\/p>\n\n\n\n<h3 class=\"wp-block-heading\">Pfade und Dateien<\/h3>\n\n\n\n<p>Um eine STplus-Eingabedatei zu erstellen, STplus zu starten und die STplus-Ausgabedatei anzuzeigen, werden folgende Dateien und Verzeichnisse ben\u00f6tigt:<\/p>\n\n\n\n<ul class=\"wp-block-list\">\n<li>Programmverzeichnis f\u00fcr das Programm (stplus.exe)<\/li>\n\n\n\n<li>Konfigurationsdatei (stplus.cfg)<\/li>\n\n\n\n<li>Verzeichnis der Eingabedatei (*.ste)<\/li>\n\n\n\n<li>Verzeichnis der Ausgabedatei (*.sta)<\/li>\n\n\n\n<li>\u00d6ldatei (Oel.dat)<\/li>\n\n\n\n<li>Werkstoffdatei (Wst.dat)<\/li>\n\n\n\n<li>STplus Eingabedatei \u00f6ffnen<\/li>\n<\/ul>\n\n\n\n<figure class=\"wp-block-image size-large\"><img loading=\"lazy\" decoding=\"async\" width=\"1024\" height=\"716\" src=\"https:\/\/haraldnieswandt.de\/wp-content\/uploads\/2025\/02\/2025-02-14-18_07_42-NgsCylGearset_-MinInput.ste_-1024x716.png\" alt=\"\" class=\"wp-image-877\" srcset=\"https:\/\/haraldnieswandt.de\/wp-content\/uploads\/2025\/02\/2025-02-14-18_07_42-NgsCylGearset_-MinInput.ste_-1024x716.png 1024w, https:\/\/haraldnieswandt.de\/wp-content\/uploads\/2025\/02\/2025-02-14-18_07_42-NgsCylGearset_-MinInput.ste_-300x210.png 300w, https:\/\/haraldnieswandt.de\/wp-content\/uploads\/2025\/02\/2025-02-14-18_07_42-NgsCylGearset_-MinInput.ste_-768x537.png 768w, https:\/\/haraldnieswandt.de\/wp-content\/uploads\/2025\/02\/2025-02-14-18_07_42-NgsCylGearset_-MinInput.ste_.png 1038w\" sizes=\"auto, (max-width: 1024px) 100vw, 1024px\" \/><\/figure>\n\n\n\n<p>Wird das Programm gestartet und die Werkstoff- oder \u00d6ldatei sind nicht auffindbar, so wird die Eingabe der Dateien angeboten &#8211; bei einem &#8222;Nein&#8220; werden ein Werkstoff und ein \u00d6l definiert, damit die Nutzung fortgesetzt werden kann.<\/p>\n\n\n<div class=\"wp-block-ub-divider ub_divider ub-divider-orientation-horizontal\" id=\"ub_divider_87144c1f-945d-4c8d-b035-54650267b168\"><div class=\"ub_divider_wrapper\" style=\"position: relative; margin-bottom: 2px; width: 42%; height: 2px; \" data-divider-alignment=\"center\"><div class=\"ub_divider_line\" style=\"border-top: 2px solid #ccc; margin-top: 2px; \"><\/div><\/div><\/div>\n\n\n<div class=\"wp-block-columns is-layout-flex wp-container-core-columns-is-layout-28f84493 wp-block-columns-is-layout-flex\">\n<div class=\"wp-block-column is-layout-flow wp-block-column-is-layout-flow\">\n<figure class=\"wp-block-image size-full\"><img loading=\"lazy\" decoding=\"async\" width=\"362\" height=\"120\" src=\"https:\/\/haraldnieswandt.de\/wp-content\/uploads\/2025\/02\/2025-02-14-17_32_39-Warning.png\" alt=\"\" class=\"wp-image-878\" srcset=\"https:\/\/haraldnieswandt.de\/wp-content\/uploads\/2025\/02\/2025-02-14-17_32_39-Warning.png 362w, https:\/\/haraldnieswandt.de\/wp-content\/uploads\/2025\/02\/2025-02-14-17_32_39-Warning-300x99.png 300w\" sizes=\"auto, (max-width: 362px) 100vw, 362px\" \/><\/figure>\n<\/div>\n\n\n\n<div class=\"wp-block-column is-layout-flow wp-block-column-is-layout-flow\">\n<p>Mit &#8222;Yes&#8220; kann zur \u00d6ldatei navigiert werden um diese festzulegen.<\/p>\n<\/div>\n<\/div>\n\n\n\n<figure class=\"wp-block-image size-full\"><img loading=\"lazy\" decoding=\"async\" width=\"946\" height=\"414\" src=\"https:\/\/haraldnieswandt.de\/wp-content\/uploads\/2025\/02\/2025-02-14-17_33_12-Oeldatei-oeffnen.png\" alt=\"\" class=\"wp-image-879\" srcset=\"https:\/\/haraldnieswandt.de\/wp-content\/uploads\/2025\/02\/2025-02-14-17_33_12-Oeldatei-oeffnen.png 946w, https:\/\/haraldnieswandt.de\/wp-content\/uploads\/2025\/02\/2025-02-14-17_33_12-Oeldatei-oeffnen-300x131.png 300w, https:\/\/haraldnieswandt.de\/wp-content\/uploads\/2025\/02\/2025-02-14-17_33_12-Oeldatei-oeffnen-768x336.png 768w\" sizes=\"auto, (max-width: 946px) 100vw, 946px\" \/><\/figure>\n\n\n<div class=\"wp-block-ub-divider ub_divider ub-divider-orientation-horizontal\" id=\"ub_divider_d7ca85c9-4640-4594-826d-cb436f4cafba\"><div class=\"ub_divider_wrapper\" style=\"position: relative; margin-bottom: 2px; width: 42%; height: 2px; \" data-divider-alignment=\"center\"><div class=\"ub_divider_line\" style=\"border-top: 2px solid #ccc; margin-top: 2px; \"><\/div><\/div><\/div>\n\n\n<div class=\"wp-block-columns is-layout-flex wp-container-core-columns-is-layout-28f84493 wp-block-columns-is-layout-flex\">\n<div class=\"wp-block-column is-layout-flow wp-block-column-is-layout-flow\">\n<p>Mit &#8222;Yes&#8220; kann zur Werkstoffdatei navigiert werden, um diese festzulegen.<\/p>\n<\/div>\n\n\n\n<div class=\"wp-block-column is-layout-flow wp-block-column-is-layout-flow\">\n<figure class=\"wp-block-image size-full\"><img loading=\"lazy\" decoding=\"async\" width=\"362\" height=\"128\" src=\"https:\/\/haraldnieswandt.de\/wp-content\/uploads\/2025\/02\/2025-02-14-17_33_37-Warning.png\" alt=\"\" class=\"wp-image-880\" srcset=\"https:\/\/haraldnieswandt.de\/wp-content\/uploads\/2025\/02\/2025-02-14-17_33_37-Warning.png 362w, https:\/\/haraldnieswandt.de\/wp-content\/uploads\/2025\/02\/2025-02-14-17_33_37-Warning-300x106.png 300w\" sizes=\"auto, (max-width: 362px) 100vw, 362px\" \/><\/figure>\n<\/div>\n<\/div>\n\n\n\n<figure class=\"wp-block-image size-full\"><img loading=\"lazy\" decoding=\"async\" width=\"946\" height=\"414\" src=\"https:\/\/haraldnieswandt.de\/wp-content\/uploads\/2025\/02\/2025-02-14-17_34_05-Werkstoffdatei-oeffnen.png\" alt=\"\" class=\"wp-image-881\" srcset=\"https:\/\/haraldnieswandt.de\/wp-content\/uploads\/2025\/02\/2025-02-14-17_34_05-Werkstoffdatei-oeffnen.png 946w, https:\/\/haraldnieswandt.de\/wp-content\/uploads\/2025\/02\/2025-02-14-17_34_05-Werkstoffdatei-oeffnen-300x131.png 300w, https:\/\/haraldnieswandt.de\/wp-content\/uploads\/2025\/02\/2025-02-14-17_34_05-Werkstoffdatei-oeffnen-768x336.png 768w\" sizes=\"auto, (max-width: 946px) 100vw, 946px\" \/><\/figure>\n\n\n<div class=\"wp-block-ub-divider ub_divider ub-divider-orientation-horizontal\" id=\"ub_divider_3405f33e-d61f-4286-9235-16fa41a6b680\"><div class=\"ub_divider_wrapper\" style=\"position: relative; margin-bottom: 2px; width: 42%; height: 2px; \" data-divider-alignment=\"center\"><div class=\"ub_divider_line\" style=\"border-top: 2px solid #ccc; margin-top: 2px; \"><\/div><\/div><\/div>\n\n\n<div class=\"wp-block-columns is-layout-flex wp-container-core-columns-is-layout-28f84493 wp-block-columns-is-layout-flex\">\n<div class=\"wp-block-column is-layout-flow wp-block-column-is-layout-flow\">\n<figure class=\"wp-block-image size-full\"><img loading=\"lazy\" decoding=\"async\" width=\"400\" height=\"200\" src=\"https:\/\/haraldnieswandt.de\/wp-content\/uploads\/2025\/02\/2025-02-14-17_36_54-NgsCylGearset_-MinInput-420.ste_.png\" alt=\"\" class=\"wp-image-884\" srcset=\"https:\/\/haraldnieswandt.de\/wp-content\/uploads\/2025\/02\/2025-02-14-17_36_54-NgsCylGearset_-MinInput-420.ste_.png 400w, https:\/\/haraldnieswandt.de\/wp-content\/uploads\/2025\/02\/2025-02-14-17_36_54-NgsCylGearset_-MinInput-420.ste_-300x150.png 300w\" sizes=\"auto, (max-width: 400px) 100vw, 400px\" \/><\/figure>\n<\/div>\n\n\n\n<div class=\"wp-block-column is-layout-flow wp-block-column-is-layout-flow\">\n<p>Nach der Auswahl &#8222;Pfad zur Ausgabedatei festlegen&#8220; wird ein OpenDialog ge\u00f6ffnet und es kann dorthin navigiert werden.<\/p>\n<\/div>\n<\/div>\n\n\n\n<figure class=\"wp-block-image size-full\"><img loading=\"lazy\" decoding=\"async\" width=\"946\" height=\"414\" src=\"https:\/\/haraldnieswandt.de\/wp-content\/uploads\/2025\/02\/2025-02-14-17_37_26-Pfad-zur-Ausgabedatei-festlegen.png\" alt=\"\" class=\"wp-image-885\" srcset=\"https:\/\/haraldnieswandt.de\/wp-content\/uploads\/2025\/02\/2025-02-14-17_37_26-Pfad-zur-Ausgabedatei-festlegen.png 946w, https:\/\/haraldnieswandt.de\/wp-content\/uploads\/2025\/02\/2025-02-14-17_37_26-Pfad-zur-Ausgabedatei-festlegen-300x131.png 300w, https:\/\/haraldnieswandt.de\/wp-content\/uploads\/2025\/02\/2025-02-14-17_37_26-Pfad-zur-Ausgabedatei-festlegen-768x336.png 768w\" sizes=\"auto, (max-width: 946px) 100vw, 946px\" \/><\/figure>\n\n\n\n<p>Gleiches ist mit &#8222;Pfad zur Eingabedatei festlegen&#8220; und &#8222;Pfad zu STplus festlegen&#8220; durchzuf\u00fchren.<\/p>\n\n\n<div class=\"wp-block-ub-divider ub_divider ub-divider-orientation-horizontal\" id=\"ub_divider_3514a8e1-71ac-4b46-ab19-2d24acb0258b\"><div class=\"ub_divider_wrapper\" style=\"position: relative; margin-bottom: 2px; width: 42%; height: 2px; \" data-divider-alignment=\"center\"><div class=\"ub_divider_line\" style=\"border-top: 2px solid #ccc; margin-top: 2px; \"><\/div><\/div><\/div>\n\n\n<div class=\"wp-block-columns is-layout-flex wp-container-core-columns-is-layout-28f84493 wp-block-columns-is-layout-flex\">\n<div class=\"wp-block-column is-layout-flow wp-block-column-is-layout-flow\">\n<p>Die Datei &#8222;stplus.cfg&#8220; ist mit einem Doppelklick oder anklicken und &#8222;\u00d6ffnen&#8220; auszuw\u00e4hlen.<\/p>\n<\/div>\n\n\n\n<div class=\"wp-block-column is-layout-flow wp-block-column-is-layout-flow\">\n<figure class=\"wp-block-image size-full\"><img loading=\"lazy\" decoding=\"async\" width=\"400\" height=\"200\" src=\"https:\/\/haraldnieswandt.de\/wp-content\/uploads\/2025\/02\/2025-02-14-17_39_06-NgsCylGearset_-MinInput-420.ste_.png\" alt=\"\" class=\"wp-image-886\" srcset=\"https:\/\/haraldnieswandt.de\/wp-content\/uploads\/2025\/02\/2025-02-14-17_39_06-NgsCylGearset_-MinInput-420.ste_.png 400w, https:\/\/haraldnieswandt.de\/wp-content\/uploads\/2025\/02\/2025-02-14-17_39_06-NgsCylGearset_-MinInput-420.ste_-300x150.png 300w\" sizes=\"auto, (max-width: 400px) 100vw, 400px\" \/><\/figure>\n<\/div>\n<\/div>\n\n\n\n<figure class=\"wp-block-image size-full\"><img loading=\"lazy\" decoding=\"async\" width=\"946\" height=\"414\" src=\"https:\/\/haraldnieswandt.de\/wp-content\/uploads\/2025\/02\/2025-02-14-17_39_38-STplus-Config-Datei-auswaehlen_.png\" alt=\"\" class=\"wp-image-887\" srcset=\"https:\/\/haraldnieswandt.de\/wp-content\/uploads\/2025\/02\/2025-02-14-17_39_38-STplus-Config-Datei-auswaehlen_.png 946w, https:\/\/haraldnieswandt.de\/wp-content\/uploads\/2025\/02\/2025-02-14-17_39_38-STplus-Config-Datei-auswaehlen_-300x131.png 300w, https:\/\/haraldnieswandt.de\/wp-content\/uploads\/2025\/02\/2025-02-14-17_39_38-STplus-Config-Datei-auswaehlen_-768x336.png 768w\" sizes=\"auto, (max-width: 946px) 100vw, 946px\" \/><\/figure>\n\n\n<div class=\"wp-block-ub-divider ub_divider ub-divider-orientation-horizontal\" id=\"ub_divider_ef8f7332-73c6-48e3-9a17-6c62252aef6c\"><div class=\"ub_divider_wrapper\" style=\"position: relative; margin-bottom: 2px; width: 42%; height: 2px; \" data-divider-alignment=\"center\"><div class=\"ub_divider_line\" style=\"border-top: 2px solid #ccc; margin-top: 2px; \"><\/div><\/div><\/div>\n\n\n<div class=\"wp-block-columns is-layout-flex wp-container-core-columns-is-layout-28f84493 wp-block-columns-is-layout-flex\">\n<div class=\"wp-block-column is-layout-flow wp-block-column-is-layout-flow\">\n<figure class=\"wp-block-image size-full\"><img loading=\"lazy\" decoding=\"async\" width=\"400\" height=\"200\" src=\"https:\/\/haraldnieswandt.de\/wp-content\/uploads\/2025\/02\/2025-02-14-17_42_01-NgsCylGearset_-MinInput-420.ste_.png\" alt=\"\" class=\"wp-image-889\" srcset=\"https:\/\/haraldnieswandt.de\/wp-content\/uploads\/2025\/02\/2025-02-14-17_42_01-NgsCylGearset_-MinInput-420.ste_.png 400w, https:\/\/haraldnieswandt.de\/wp-content\/uploads\/2025\/02\/2025-02-14-17_42_01-NgsCylGearset_-MinInput-420.ste_-300x150.png 300w\" sizes=\"auto, (max-width: 400px) 100vw, 400px\" \/><\/figure>\n<\/div>\n\n\n\n<div class=\"wp-block-column is-layout-flow wp-block-column-is-layout-flow\">\n<p>Es ist sinnvoll, jetzt auch noch eine STplus-Eingabedatei zu \u00f6ffnen, damit auch diese definiert ist. Das Programm beh\u00e4lt immer die zuletzt ge\u00f6ffnete &#8222;*.ste&#8220; als Arbeitsdatei.<\/p>\n<\/div>\n<\/div>\n\n\n\n<figure class=\"wp-block-image size-full\"><img loading=\"lazy\" decoding=\"async\" width=\"946\" height=\"414\" src=\"https:\/\/haraldnieswandt.de\/wp-content\/uploads\/2025\/02\/2025-02-14-18_01_22-STplus-Eingabedatei-oeffnen.png\" alt=\"\" class=\"wp-image-890\" srcset=\"https:\/\/haraldnieswandt.de\/wp-content\/uploads\/2025\/02\/2025-02-14-18_01_22-STplus-Eingabedatei-oeffnen.png 946w, https:\/\/haraldnieswandt.de\/wp-content\/uploads\/2025\/02\/2025-02-14-18_01_22-STplus-Eingabedatei-oeffnen-300x131.png 300w, https:\/\/haraldnieswandt.de\/wp-content\/uploads\/2025\/02\/2025-02-14-18_01_22-STplus-Eingabedatei-oeffnen-768x336.png 768w\" sizes=\"auto, (max-width: 946px) 100vw, 946px\" \/><\/figure>\n\n\n<div class=\"wp-block-ub-divider ub_divider ub-divider-orientation-horizontal\" id=\"ub_divider_caab2924-58d6-4eee-adcc-3281345d7e87\"><div class=\"ub_divider_wrapper\" style=\"position: relative; margin-bottom: 2px; width: 42%; height: 2px; \" data-divider-alignment=\"center\"><div class=\"ub_divider_line\" style=\"border-top: 2px solid #ccc; margin-top: 2px; \"><\/div><\/div><\/div>\n\n\n<div class=\"wp-block-columns is-layout-flex wp-container-core-columns-is-layout-28f84493 wp-block-columns-is-layout-flex\">\n<div class=\"wp-block-column is-layout-flow wp-block-column-is-layout-flow\">\n<p>Zum Abschluss der Einrichtung sollte die Memo-Datei abgespeichert werden, darin werden die notwendigen Daten f\u00fcr den n\u00e4chsten Programmstart festgehalten. Auch beim ordnungsgem\u00e4\u00dfen Schlie\u00dfen des Programms wird diese Datei jedesmal gespeichert.<\/p>\n<\/div>\n\n\n\n<div class=\"wp-block-column is-layout-flow wp-block-column-is-layout-flow\">\n<figure class=\"wp-block-image size-full\"><img loading=\"lazy\" decoding=\"async\" width=\"400\" height=\"200\" src=\"https:\/\/haraldnieswandt.de\/wp-content\/uploads\/2025\/02\/2025-02-14-18_01_45-NgsCylGearset_-MinInput.ste_.png\" alt=\"\" class=\"wp-image-891\" srcset=\"https:\/\/haraldnieswandt.de\/wp-content\/uploads\/2025\/02\/2025-02-14-18_01_45-NgsCylGearset_-MinInput.ste_.png 400w, https:\/\/haraldnieswandt.de\/wp-content\/uploads\/2025\/02\/2025-02-14-18_01_45-NgsCylGearset_-MinInput.ste_-300x150.png 300w\" sizes=\"auto, (max-width: 400px) 100vw, 400px\" \/><\/figure>\n<\/div>\n<\/div>\n\n\n\n<p>Die Memo-Datei liegt im Programmverzeichnis wie das NgsCylGear-Programm und sollte anschlie\u00dfend alle Pfad- und Dateinamen aufweisen:<\/p>\n\n\n\n<figure class=\"wp-block-image aligncenter size-full\"><img loading=\"lazy\" decoding=\"async\" width=\"542\" height=\"342\" src=\"https:\/\/haraldnieswandt.de\/wp-content\/uploads\/2025\/02\/2025-02-14-18_02_29-C__work_1Ngs_11NgsCylGearset_NgsCylGearset011_NgsCgs.mem-Notepad.png\" alt=\"\" class=\"wp-image-892\" srcset=\"https:\/\/haraldnieswandt.de\/wp-content\/uploads\/2025\/02\/2025-02-14-18_02_29-C__work_1Ngs_11NgsCylGearset_NgsCylGearset011_NgsCgs.mem-Notepad.png 542w, https:\/\/haraldnieswandt.de\/wp-content\/uploads\/2025\/02\/2025-02-14-18_02_29-C__work_1Ngs_11NgsCylGearset_NgsCylGearset011_NgsCgs.mem-Notepad-300x189.png 300w\" sizes=\"auto, (max-width: 542px) 100vw, 542px\" \/><\/figure>\n\n\n\n<p>In den ersten vier Zeilen ist die Position des Programmfensters gespeichert, damit es am selben Platz wieder startet, an dem es geschlossen wurde.<\/p>\n","protected":false},"excerpt":{"rendered":"<p>home Impressum Inhalt Einleitung Projektdateien auf GitHub Programmbeschreibung Einleitung STplus ist ein &#8222;Rechenkern&#8220;, um Stirnr\u00e4der, [&hellip;]<\/p>\n","protected":false},"author":1,"featured_media":0,"parent":0,"menu_order":0,"comment_status":"closed","ping_status":"closed","template":"","meta":{"footnotes":""},"class_list":["post-839","page","type-page","status-publish","hentry"],"featured_image_src":null,"_links":{"self":[{"href":"https:\/\/haraldnieswandt.de\/index.php?rest_route=\/wp\/v2\/pages\/839","targetHints":{"allow":["GET"]}}],"collection":[{"href":"https:\/\/haraldnieswandt.de\/index.php?rest_route=\/wp\/v2\/pages"}],"about":[{"href":"https:\/\/haraldnieswandt.de\/index.php?rest_route=\/wp\/v2\/types\/page"}],"author":[{"embeddable":true,"href":"https:\/\/haraldnieswandt.de\/index.php?rest_route=\/wp\/v2\/users\/1"}],"replies":[{"embeddable":true,"href":"https:\/\/haraldnieswandt.de\/index.php?rest_route=%2Fwp%2Fv2%2Fcomments&post=839"}],"version-history":[{"count":19,"href":"https:\/\/haraldnieswandt.de\/index.php?rest_route=\/wp\/v2\/pages\/839\/revisions"}],"predecessor-version":[{"id":1041,"href":"https:\/\/haraldnieswandt.de\/index.php?rest_route=\/wp\/v2\/pages\/839\/revisions\/1041"}],"wp:attachment":[{"href":"https:\/\/haraldnieswandt.de\/index.php?rest_route=%2Fwp%2Fv2%2Fmedia&parent=839"}],"curies":[{"name":"wp","href":"https:\/\/api.w.org\/{rel}","templated":true}]}}