{"id":797,"date":"2025-01-07T18:32:03","date_gmt":"2025-01-07T18:32:03","guid":{"rendered":"https:\/\/haraldnieswandt.de\/?page_id=797"},"modified":"2026-02-22T09:27:07","modified_gmt":"2026-02-22T09:27:07","slug":"freiberufler02","status":"publish","type":"page","link":"https:\/\/haraldnieswandt.de\/?page_id=797","title":{"rendered":"FB-03"},"content":{"rendered":"\n<p><\/p>\n\n\n\n<div class=\"wp-block-columns is-layout-flex wp-container-core-columns-is-layout-28f84493 wp-block-columns-is-layout-flex\">\n<div class=\"wp-block-column is-layout-flow wp-block-column-is-layout-flow\" style=\"flex-basis:12%\">\n<p><a href=\"http:\/\/www.haraldnieswandt.de\" data-type=\"link\" data-id=\"www.haraldnieswandt.de\">home<\/a><\/p>\n<\/div>\n\n\n\n<div class=\"wp-block-column is-layout-flow wp-block-column-is-layout-flow\">\n<p><a href=\"https:\/\/haraldnieswandt.de\/?page_id=364\">Beruflicher Werdegang<\/a><\/p>\n<\/div>\n\n\n\n<div class=\"wp-block-column is-layout-flow wp-block-column-is-layout-flow\">\n<p class=\"has-text-align-center\"><a href=\"https:\/\/haraldnieswandt.de\/?page_id=526\">Impressum<\/a><\/p>\n<\/div>\n\n\n\n<div class=\"wp-block-column is-layout-flow wp-block-column-is-layout-flow\">\n<p><a href=\"https:\/\/haraldnieswandt.de\/?page_id=987\" data-type=\"page\" data-id=\"987\">Datenschutz<\/a><\/p>\n<\/div>\n<\/div>\n\n\n\n<h2 class=\"wp-block-heading\" id=\"0-harald-h-nieswandt\">Harald H. Nieswandt<\/h2>\n\n\n\n<h3 class=\"wp-block-heading\" id=\"1-f%C3%A4higkeiten-und-kenntnisse\">F\u00e4higkeiten und Kenntnisse<\/h3>\n\n\n<div class=\"wp-block-ub-divider ub_divider ub-divider-orientation-horizontal\" id=\"ub_divider_9ef17a54-2fd6-44d8-8b85-562868f72d5f\"><div class=\"ub_divider_wrapper\" style=\"position: relative; margin-bottom: 2px; width: 24%; height: 2px; \" data-divider-alignment=\"center\"><div class=\"ub_divider_line\" style=\"border-top: 2px solid #ccc; margin-top: 2px; \"><\/div><\/div><\/div>\n\n\n<h4 class=\"wp-block-heading\" id=\"2-sprachen-\">Sprachen<\/h4>\n\n\n\n<div class=\"wp-block-columns is-layout-flex wp-container-core-columns-is-layout-28f84493 wp-block-columns-is-layout-flex\">\n<div class=\"wp-block-column is-layout-flow wp-block-column-is-layout-flow\" style=\"flex-basis:33.33%\">\n<p class=\"has-text-align-right\">Deutsch:<br>Englisch:<br>Chinesisch:<\/p>\n<\/div>\n\n\n\n<div class=\"wp-block-column is-layout-flow wp-block-column-is-layout-flow\" style=\"flex-basis:66.66%\">\n<p>Muttersprachler<br>flie\u00dfend<br>Anf\u00e4nger<\/p>\n\n\n\n<p><\/p>\n<\/div>\n<\/div>\n\n\n\n<h4 class=\"wp-block-heading\" id=\"3-office-\">Office<\/h4>\n\n\n\n<div class=\"wp-block-columns is-layout-flex wp-container-core-columns-is-layout-28f84493 wp-block-columns-is-layout-flex\">\n<div class=\"wp-block-column is-layout-flow wp-block-column-is-layout-flow\" style=\"flex-basis:33.33%\">\n<p class=\"has-text-align-right\">Microsoft Office:<br>Libre Office:<br>SAP (anwenden):<\/p>\n<\/div>\n\n\n\n<div class=\"wp-block-column is-layout-flow wp-block-column-is-layout-flow\" style=\"flex-basis:66.66%\">\n<p>sehr gut<br>sehr gut<br>gut<\/p>\n\n\n\n<p><\/p>\n<\/div>\n<\/div>\n\n\n\n<h4 class=\"wp-block-heading\" id=\"4-getriebeberechnung-\">Getriebeberechnung<\/h4>\n\n\n\n<div class=\"wp-block-columns is-layout-flex wp-container-core-columns-is-layout-28f84493 wp-block-columns-is-layout-flex\">\n<div class=\"wp-block-column is-layout-flow wp-block-column-is-layout-flow\" style=\"flex-basis:33.33%\">\n<p class=\"has-text-align-right\">STplus:<br>RIKOR:<br>DZP:<br>KissSoft:<br>MASTA:<\/p>\n<\/div>\n\n\n\n<div class=\"wp-block-column is-layout-flow wp-block-column-is-layout-flow\" style=\"flex-basis:66.66%\">\n<p>sehr gut<br>gut<br>gut<br>sehr gut<br>gut<\/p>\n\n\n\n<p><\/p>\n<\/div>\n<\/div>\n\n\n\n<h4 class=\"wp-block-heading\" id=\"5-cad-amp-grafik-\">CAD &amp; Grafik<\/h4>\n\n\n\n<div class=\"wp-block-columns is-layout-flex wp-container-core-columns-is-layout-28f84493 wp-block-columns-is-layout-flex\">\n<div class=\"wp-block-column is-layout-flow wp-block-column-is-layout-flow\" style=\"flex-basis:33.33%\">\n<p class=\"has-text-align-right\">AutoCAD:<br>Medusa 2D &amp; 3D:<br>LibreCAD:<br>Inventor:<br>FreeCAD:<br>ProE \/ NX 10:<br>Corel Technical Designer:<br>Corel Draw:<br>Inkscape:<\/p>\n<\/div>\n\n\n\n<div class=\"wp-block-column is-layout-flow wp-block-column-is-layout-flow\" style=\"flex-basis:66.66%\">\n<p>sehr gut<br>sehr gut<br>sehr gut<br>sehr gut<br>sehr gut<br>gut<br>sehr gut<br>sehr gut<br>sehr gut<\/p>\n\n\n\n<p><\/p>\n<\/div>\n<\/div>\n\n\n\n<h4 class=\"wp-block-heading\" id=\"6-programmierung-\">Programmierung<\/h4>\n\n\n\n<div class=\"wp-block-columns is-layout-flex wp-container-core-columns-is-layout-28f84493 wp-block-columns-is-layout-flex\">\n<div class=\"wp-block-column is-layout-flow wp-block-column-is-layout-flow\" style=\"flex-basis:33.33%\">\n<p class=\"has-text-align-right\">Pascal:<br>ObjectPascal:<br>Delphi:<br>Fortran:<br>Visual Basic:<br>Java:<\/p>\n<\/div>\n\n\n\n<div class=\"wp-block-column is-layout-flow wp-block-column-is-layout-flow\" style=\"flex-basis:66.66%\">\n<p>sehr gut<br>sehr gut<br>gut<br>gut<br>gut<br>Kenntnisse<\/p>\n\n\n\n<p><\/p>\n<\/div>\n<\/div>\n\n\n\n<h4 class=\"wp-block-heading\" id=\"7-betriebssysteme-\">Betriebssysteme<\/h4>\n\n\n\n<div class=\"wp-block-columns is-layout-flex wp-container-core-columns-is-layout-28f84493 wp-block-columns-is-layout-flex\">\n<div class=\"wp-block-column is-layout-flow wp-block-column-is-layout-flow\" style=\"flex-basis:33.33%\">\n<p class=\"has-text-align-right\">Windows:<br>Linux Mint:<br>Unix:<\/p>\n<\/div>\n\n\n\n<div class=\"wp-block-column is-layout-flow wp-block-column-is-layout-flow\" style=\"flex-basis:66.66%\">\n<p>sehr gut<br>sehr gut<br>gut<\/p>\n<\/div>\n<\/div>\n\n\n\n<p><\/p>\n","protected":false},"excerpt":{"rendered":"<p>home Beruflicher Werdegang Impressum Datenschutz Harald H. Nieswandt F\u00e4higkeiten und Kenntnisse Sprachen Deutsch:Englisch:Chinesisch: Muttersprachlerflie\u00dfendAnf\u00e4nger Office [&hellip;]<\/p>\n","protected":false},"author":1,"featured_media":0,"parent":0,"menu_order":0,"comment_status":"closed","ping_status":"closed","template":"","meta":{"_lmt_disableupdate":"","_lmt_disable":"","footnotes":""},"class_list":["post-797","page","type-page","status-publish","hentry"],"featured_image_src":null,"_links":{"self":[{"href":"https:\/\/haraldnieswandt.de\/index.php?rest_route=\/wp\/v2\/pages\/797","targetHints":{"allow":["GET"]}}],"collection":[{"href":"https:\/\/haraldnieswandt.de\/index.php?rest_route=\/wp\/v2\/pages"}],"about":[{"href":"https:\/\/haraldnieswandt.de\/index.php?rest_route=\/wp\/v2\/types\/page"}],"author":[{"embeddable":true,"href":"https:\/\/haraldnieswandt.de\/index.php?rest_route=\/wp\/v2\/users\/1"}],"replies":[{"embeddable":true,"href":"https:\/\/haraldnieswandt.de\/index.php?rest_route=%2Fwp%2Fv2%2Fcomments&post=797"}],"version-history":[{"count":24,"href":"https:\/\/haraldnieswandt.de\/index.php?rest_route=\/wp\/v2\/pages\/797\/revisions"}],"predecessor-version":[{"id":999,"href":"https:\/\/haraldnieswandt.de\/index.php?rest_route=\/wp\/v2\/pages\/797\/revisions\/999"}],"wp:attachment":[{"href":"https:\/\/haraldnieswandt.de\/index.php?rest_route=%2Fwp%2Fv2%2Fmedia&parent=797"}],"curies":[{"name":"wp","href":"https:\/\/api.w.org\/{rel}","templated":true}]}}