{"id":526,"date":"2024-05-24T08:33:19","date_gmt":"2024-05-24T08:33:19","guid":{"rendered":"https:\/\/haraldnieswandt.de\/?page_id=526"},"modified":"2026-04-17T04:40:07","modified_gmt":"2026-04-17T04:40:07","slug":"impressum","status":"publish","type":"page","link":"https:\/\/haraldnieswandt.de\/?page_id=526","title":{"rendered":"02-1 &#8211; Impressum"},"content":{"rendered":"\n<h2 class=\"wp-block-heading\">Impressum<\/h2>\n\n\n\n<p>Harald Helmut Nieswandt<\/p>\n\n\n\n<p>Freiberuflicher Maschinenbauingenieur<\/p>\n\n\n\n<p>Kammweg 9<\/p>\n\n\n\n<p>01904 Steinigtwolmsdorf \/ Weifa<\/p>\n\n\n\n<p>Ust-IDNr.: DE268941179<\/p>\n\n\n\n<p>E-Mail: <a href=\"mailto:Web@HaraldNieswandt.de\">Web@HaraldNieswandt.de<\/a><\/p>\n\n\n\n<p>Tel.: +49 177 761 00 83<\/p>\n\n\n\n<p>Verantwortlich f\u00fcr den Inhalt nach \u00a7 55 Abs. 2 MStV:<br>Harald Helmut Nieswandt<br>Adresse wie oben<\/p>\n\n\n\n<p>Es gibt die <a href=\"https:\/\/ec.europa.eu\/consumers\/odr\/main\/index.cfm?event=main.home2.show&amp;lng=DE\">Online-Streitbeilegungsplattform<\/a> der EU, auf welche ich hier hinweisen muss.<br>Diese Plattform habe ich noch nicht genutzt und denke, dass es auch nicht notwendig sein wird.<br>Wenn es Meinungsverschiedenheiten gibt, so bin ich jederzeit bereit, diese vern\u00fcnftig zu diskutieren und zu einer f\u00fcr alle Beteiligten guten L\u00f6sung zu kommen.<\/p>\n\n\n\n<p>Zu einer Verbraucherschlichtungsverfahren bin ich nicht verpflichted und werde an einem solchen auch nicht teilnehmen &#8211; siehe oben.<br><\/p>\n\n\n<div class=\"wp-block-ub-divider ub_divider ub-divider-orientation-horizontal\" id=\"ub_divider_010b0aa0-eaf2-4979-8337-7e606be3533f\"><div class=\"ub_divider_wrapper\" style=\"position: relative; margin-bottom: 42px; width: 42%; height: 42px; \" data-divider-alignment=\"center\"><div class=\"ub_divider_line\" style=\"border-top: 2px solid #ccc; margin-top: 42px; \"><\/div><\/div><\/div>\n\n\n<p><\/p>\n\n\n\n<h2 class=\"wp-block-heading\">Zu dieser Website:<br><\/h2>\n\n\n\n<ul class=\"wp-block-list\">\n<li>erstellt mit WordPress<\/li>\n\n\n\n<li>von mir werden keine Cookies verwendet<\/li>\n\n\n\n<li>von mir werden keine Daten erfasst &#8211; diese Seite soll informieren, nicht informiert werden<\/li>\n\n\n\n<li>alle Bilder, Zeichnungen, Texte wurden von mir selbst erstellt, manche Bilder unter Zuhilfenahme von KI<\/li>\n\n\n\n<li>sollten Fehler auffallen, so freue ich mich \u00fcber eine Info dazu, damit ich diese verbessern kann<\/li>\n<\/ul>\n\n\n\n<p><\/p>\n","protected":false},"excerpt":{"rendered":"<p>Impressum Harald Helmut Nieswandt Freiberuflicher Maschinenbauingenieur Kammweg 9 01904 Steinigtwolmsdorf \/ Weifa Ust-IDNr.: DE268941179 E-Mail: [&hellip;]<\/p>\n","protected":false},"author":1,"featured_media":0,"parent":0,"menu_order":0,"comment_status":"closed","ping_status":"closed","template":"","meta":{"_lmt_disableupdate":"","_lmt_disable":"","footnotes":""},"class_list":["post-526","page","type-page","status-publish","hentry"],"featured_image_src":null,"_links":{"self":[{"href":"https:\/\/haraldnieswandt.de\/index.php?rest_route=\/wp\/v2\/pages\/526","targetHints":{"allow":["GET"]}}],"collection":[{"href":"https:\/\/haraldnieswandt.de\/index.php?rest_route=\/wp\/v2\/pages"}],"about":[{"href":"https:\/\/haraldnieswandt.de\/index.php?rest_route=\/wp\/v2\/types\/page"}],"author":[{"embeddable":true,"href":"https:\/\/haraldnieswandt.de\/index.php?rest_route=\/wp\/v2\/users\/1"}],"replies":[{"embeddable":true,"href":"https:\/\/haraldnieswandt.de\/index.php?rest_route=%2Fwp%2Fv2%2Fcomments&post=526"}],"version-history":[{"count":17,"href":"https:\/\/haraldnieswandt.de\/index.php?rest_route=\/wp\/v2\/pages\/526\/revisions"}],"predecessor-version":[{"id":1180,"href":"https:\/\/haraldnieswandt.de\/index.php?rest_route=\/wp\/v2\/pages\/526\/revisions\/1180"}],"wp:attachment":[{"href":"https:\/\/haraldnieswandt.de\/index.php?rest_route=%2Fwp%2Fv2%2Fmedia&parent=526"}],"curies":[{"name":"wp","href":"https:\/\/api.w.org\/{rel}","templated":true}]}}